{"id":12,"date":"2012-07-14T17:24:06","date_gmt":"2012-07-14T15:24:06","guid":{"rendered":"http:\/\/16551.webhosting1.1blu.de\/metzgkunzmann\/wordpress\/?page_id=12"},"modified":"2022-02-19T14:08:34","modified_gmt":"2022-02-19T12:08:34","slug":"partyservice","status":"publish","type":"page","link":"http:\/\/www.metzgerei-kunzmann.de\/?page_id=12","title":{"rendered":"Partyservice"},"content":{"rendered":"<p>Von der Metzgerei Ralf Kunzmann erhalten Sie f\u00fcr Feste jeglicher Art komplette Men\u00fcs und Buffets, gemeinsam ausgew\u00e4hlte Spezialit\u00e4ten und Schmankerl f\u00fcr Ihre G\u00e4ste.<\/p>\n<p>Bitte sehen Sie die hier aufgef\u00fchrten kalten Platten als Beispiele und Inspiration f\u00fcr Ihre eigene Feier. Wir gehen auf Ihre W\u00fcnsche und Vorstellungen ein.<\/p>\n\n\t\t<style type=\"text\/css\">\n\t\t\t#gallery-1 {\n\t\t\t\tmargin: auto;\n\t\t\t}\n\t\t\t#gallery-1 .gallery-item {\n\t\t\t\tfloat: left;\n\t\t\t\tmargin-top: 10px;\n\t\t\t\ttext-align: center;\n\t\t\t\twidth: 33%;\n\t\t\t}\n\t\t\t#gallery-1 img {\n\t\t\t\tborder: 2px solid #cfcfcf;\n\t\t\t}\n\t\t\t#gallery-1 .gallery-caption {\n\t\t\t\tmargin-left: 0;\n\t\t\t}\n\t\t\t\/* see gallery_shortcode() in wp-includes\/media.php *\/\n\t\t<\/style>\n\t\t<div id='gallery-1' class='gallery galleryid-12 gallery-columns-3 gallery-size-thumbnail'><dl class='gallery-item'>\n\t\t\t<dt class='gallery-icon landscape'>\n\t\t\t\t<a href='http:\/\/www.metzgerei-kunzmann.de\/?attachment_id=49'><img loading=\"lazy\" decoding=\"async\" width=\"150\" height=\"150\" src=\"http:\/\/www.metzgerei-kunzmann.de\/wp-content\/uploads\/2012\/07\/17-01-05_10241-150x150.jpg\" class=\"attachment-thumbnail size-thumbnail\" alt=\"\" \/><\/a>\n\t\t\t<\/dt><\/dl><dl class='gallery-item'>\n\t\t\t<dt class='gallery-icon landscape'>\n\t\t\t\t<a href='http:\/\/www.metzgerei-kunzmann.de\/?attachment_id=48'><img loading=\"lazy\" decoding=\"async\" width=\"150\" height=\"150\" src=\"http:\/\/www.metzgerei-kunzmann.de\/wp-content\/uploads\/2012\/07\/17-01-05_10231-150x150.jpg\" class=\"attachment-thumbnail size-thumbnail\" alt=\"\" \/><\/a>\n\t\t\t<\/dt><\/dl><dl class='gallery-item'>\n\t\t\t<dt class='gallery-icon landscape'>\n\t\t\t\t<a href='http:\/\/www.metzgerei-kunzmann.de\/?attachment_id=46'><img loading=\"lazy\" decoding=\"async\" width=\"150\" height=\"150\" src=\"http:\/\/www.metzgerei-kunzmann.de\/wp-content\/uploads\/2012\/07\/17-01-05_10181-150x150.jpg\" class=\"attachment-thumbnail size-thumbnail\" alt=\"\" \/><\/a>\n\t\t\t<\/dt><\/dl><br style=\"clear: both\" \/><dl class='gallery-item'>\n\t\t\t<dt class='gallery-icon landscape'>\n\t\t\t\t<a href='http:\/\/www.metzgerei-kunzmann.de\/?attachment_id=45'><img loading=\"lazy\" decoding=\"async\" width=\"150\" height=\"150\" src=\"http:\/\/www.metzgerei-kunzmann.de\/wp-content\/uploads\/2012\/07\/17-01-05_10161-150x150.jpg\" class=\"attachment-thumbnail size-thumbnail\" alt=\"\" \/><\/a>\n\t\t\t<\/dt><\/dl><dl class='gallery-item'>\n\t\t\t<dt class='gallery-icon landscape'>\n\t\t\t\t<a href='http:\/\/www.metzgerei-kunzmann.de\/?attachment_id=64'><img loading=\"lazy\" decoding=\"async\" width=\"150\" height=\"150\" src=\"http:\/\/www.metzgerei-kunzmann.de\/wp-content\/uploads\/2012\/07\/PICT00681-150x150.jpg\" class=\"attachment-thumbnail size-thumbnail\" alt=\"\" \/><\/a>\n\t\t\t<\/dt><\/dl><dl class='gallery-item'>\n\t\t\t<dt class='gallery-icon landscape'>\n\t\t\t\t<a href='http:\/\/www.metzgerei-kunzmann.de\/?attachment_id=191'><img loading=\"lazy\" decoding=\"async\" width=\"150\" height=\"150\" src=\"http:\/\/www.metzgerei-kunzmann.de\/wp-content\/uploads\/2020\/05\/20190426_112527-1-150x150.jpg\" class=\"attachment-thumbnail size-thumbnail\" alt=\"\" \/><\/a>\n\t\t\t<\/dt><\/dl><br style=\"clear: both\" \/><dl class='gallery-item'>\n\t\t\t<dt class='gallery-icon landscape'>\n\t\t\t\t<a href='http:\/\/www.metzgerei-kunzmann.de\/?attachment_id=187'><img loading=\"lazy\" decoding=\"async\" width=\"150\" height=\"150\" src=\"http:\/\/www.metzgerei-kunzmann.de\/wp-content\/uploads\/2020\/05\/20190426_100513-150x150.jpg\" class=\"attachment-thumbnail size-thumbnail\" alt=\"\" \/><\/a>\n\t\t\t<\/dt><\/dl><dl class='gallery-item'>\n\t\t\t<dt class='gallery-icon landscape'>\n\t\t\t\t<a href='http:\/\/www.metzgerei-kunzmann.de\/?attachment_id=184'><img loading=\"lazy\" decoding=\"async\" width=\"150\" height=\"150\" src=\"http:\/\/www.metzgerei-kunzmann.de\/wp-content\/uploads\/2020\/05\/20190426_113506-150x150.jpg\" class=\"attachment-thumbnail size-thumbnail\" alt=\"\" \/><\/a>\n\t\t\t<\/dt><\/dl>\n\t\t\t<br style='clear: both' \/>\n\t\t<\/div>\n\n","protected":false},"excerpt":{"rendered":"<p>Von der Metzgerei Ralf Kunzmann erhalten Sie f\u00fcr Feste jeglicher Art komplette Men\u00fcs und Buffets, gemeinsam ausgew\u00e4hlte Spezialit\u00e4ten und Schmankerl f\u00fcr Ihre G\u00e4ste. Bitte sehen Sie die hier aufgef\u00fchrten kalten Platten als Beispiele und Inspiration f\u00fcr Ihre eigene Feier. Wir &hellip; <a href=\"http:\/\/www.metzgerei-kunzmann.de\/?page_id=12\">Weiterlesen <span class=\"meta-nav\">&rarr;<\/span><\/a><\/p>\n","protected":false},"author":1,"featured_media":0,"parent":0,"menu_order":50,"comment_status":"closed","ping_status":"closed","template":"","meta":{"footnotes":""},"class_list":["post-12","page","type-page","status-publish","hentry"],"_links":{"self":[{"href":"http:\/\/www.metzgerei-kunzmann.de\/index.php?rest_route=\/wp\/v2\/pages\/12","targetHints":{"allow":["GET"]}}],"collection":[{"href":"http:\/\/www.metzgerei-kunzmann.de\/index.php?rest_route=\/wp\/v2\/pages"}],"about":[{"href":"http:\/\/www.metzgerei-kunzmann.de\/index.php?rest_route=\/wp\/v2\/types\/page"}],"author":[{"embeddable":true,"href":"http:\/\/www.metzgerei-kunzmann.de\/index.php?rest_route=\/wp\/v2\/users\/1"}],"replies":[{"embeddable":true,"href":"http:\/\/www.metzgerei-kunzmann.de\/index.php?rest_route=%2Fwp%2Fv2%2Fcomments&post=12"}],"version-history":[{"count":6,"href":"http:\/\/www.metzgerei-kunzmann.de\/index.php?rest_route=\/wp\/v2\/pages\/12\/revisions"}],"predecessor-version":[{"id":254,"href":"http:\/\/www.metzgerei-kunzmann.de\/index.php?rest_route=\/wp\/v2\/pages\/12\/revisions\/254"}],"wp:attachment":[{"href":"http:\/\/www.metzgerei-kunzmann.de\/index.php?rest_route=%2Fwp%2Fv2%2Fmedia&parent=12"}],"curies":[{"name":"wp","href":"https:\/\/api.w.org\/{rel}","templated":true}]}}